{"id":16089,"date":"2017-01-23T14:40:45","date_gmt":"2017-01-23T13:40:45","guid":{"rendered":"https:\/\/staging.tsl-nordic.com\/?page_id=16089"},"modified":"2020-02-10T11:34:56","modified_gmt":"2020-02-10T10:34:56","slug":"angebot-2","status":"publish","type":"page","link":"https:\/\/tsl-nordic.com\/de\/angebot-2\/","title":{"rendered":"Angebot"},"content":{"rendered":"<div class=\"wpb-content-wrapper\"><p>[vc_row css_animation=&#8220;&#8220; row_type=&#8220;row&#8220; use_row_as_full_screen_section=&#8220;no&#8220; type=&#8220;full_width&#8220; angled_section=&#8220;no&#8220; text_align=&#8220;center&#8220; background_image_as_pattern=&#8220;without_pattern&#8220; background_color=&#8220;#ffffff&#8220;][vc_column][vc_row_inner row_type=&#8220;row&#8220; type=&#8220;grid&#8220; text_align=&#8220;left&#8220; padding_top=&#8220;40&#8243; padding_bottom=&#8220;0&#8243; css_animation=&#8220;&#8220;][vc_column_inner width=&#8220;1\/2&#8243;][vc_separator type=&#8220;transparent&#8220; up=&#8220;20&#8243; down=&#8220;0&#8243;][vc_column_text]Suchen Sie in Pozna\u0144 oder Koszalin nach einer <strong>professionellen Transportfirma<\/strong>? Ihnen ist Sicherheit, P\u00fcnktlichkeit und Genauigkeit wichtig? Sie befinden sich in einem richtigen Platz. Wir sind ein erfahrenes Speditionsunternehmen, das seinen Kunden internationalen und inl\u00e4ndischen Schwerlasttransport anbietet. Wir sind seit Jahren in der Branche t\u00e4tig, deswegen k\u00f6nnen wir die Bed\u00fcrfnisse unserer Kunden. Wir haben ein flexibles Angebot hergestellt, das nicht nur Schnelligkeit, Effektivit\u00e4t und P\u00fcnktlichkeit ber\u00fccksichtigt, aber auch optimale Zusammenpassung des Fahrzeuges und Waren und unmittelbarer Transport zum Ziel. Wir gew\u00e4hrleisten vollst\u00e4ndigen und p\u00fcnktlichen Transport.<\/p>\n<p>&nbsp;<\/p>\n<p>Wir zeichnen sich durch die vollst\u00e4ndige preisg\u00fcnstige Kundenbedienung aus. Wir beraten Sie gerne in allen Fragen bez\u00fcglich Transport und Logistikoptimalisierung. Mit uns werden Sie nicht nur Zeit, aber auch Geld sparen, die notwendig in einer sich entwickelnden Firma ist. Wir realisieren den internationalen Transport in dem ganzen Europa \u2013 <strong>alle interessierten Firmen laden wirr zum Kontakt ein.<\/strong> [\/vc_column_text][vc_separator type=&#8220;transparent&#8220; up=&#8220;30&#8243; down=&#8220;0&#8243;]<a  href=\"https:\/\/tsl-nordic.com\/de\/kontakt\/\" target=\"_self\"  class=\"qbutton \" style=\"\">Kontakt<\/a>[vc_separator type=&#8220;transparent&#8220; up=&#8220;30&#8243; down=&#8220;0&#8243;][\/vc_column_inner][vc_column_inner width=&#8220;1\/2&#8243;][vc_separator type=&#8220;transparent&#8220; up=&#8220;10&#8243; down=&#8220;0&#8243;][vc_single_image image=&#8220;15609&#8243; img_size=&#8220;full&#8220; qode_css_animation=&#8220;&#8220;][vc_separator type=&#8220;transparent&#8220; up=&#8220;87&#8243; down=&#8220;0&#8243;][\/vc_column_inner][\/vc_row_inner][\/vc_column][\/vc_row][vc_row row_type=&#8220;parallax&#8220; parallax_content_width=&#8220;in_grid&#8220; text_align=&#8220;center&#8220; background_image=&#8220;15674&#8243; section_height=&#8220;345&#8243;][vc_column][vc_row_inner row_type=&#8220;row&#8220; type=&#8220;grid&#8220; text_align=&#8220;left&#8220; padding_top=&#8220;105&#8243; padding_bottom=&#8220;55&#8243; css_animation=&#8220;&#8220;][vc_column_inner width=&#8220;1\/3&#8243;]<div class=\"q_counter_holder  left\"><span class=\"counter  zero\" style=\"\">20<\/span><p class=\"counter_text\" style=\"\">Spediteuren<\/p><\/div>[vc_separator type=&#8220;transparent&#8220; up=&#8220;50&#8243; down=&#8220;0&#8243;][\/vc_column_inner][vc_column_inner width=&#8220;1\/3&#8243;]<div class=\"q_counter_holder  left\"><span class=\"counter  zero\" style=\"\">1381<\/span><p class=\"counter_text\" style=\"\">Kontrahenten<\/p><\/div>[vc_separator type=&#8220;transparent&#8220; up=&#8220;50&#8243; down=&#8220;0&#8243;][\/vc_column_inner][vc_column_inner width=&#8220;1\/3&#8243;]<div class=\"q_counter_holder  left\"><span class=\"counter  zero\" style=\"\">3585<\/span><p class=\"counter_text\" style=\"\">durchgef\u00fchrten Transporte<\/p><\/div>[vc_separator type=&#8220;transparent&#8220; up=&#8220;50&#8243; down=&#8220;0&#8243;][\/vc_column_inner][\/vc_row_inner][\/vc_column][\/vc_row][vc_row css_animation=&#8220;&#8220; row_type=&#8220;row&#8220; use_row_as_full_screen_section=&#8220;no&#8220; type=&#8220;full_width&#8220; angled_section=&#8220;no&#8220; text_align=&#8220;left&#8220; background_image_as_pattern=&#8220;without_pattern&#8220;][vc_column][vc_separator type=&#8220;normal&#8220; up=&#8220;0&#8243; down=&#8220;0&#8243;][\/vc_column][\/vc_row]<\/p>\n<\/div>","protected":false},"excerpt":{"rendered":"<p>[vc_row css_animation=&#8220;&#8220; row_type=&#8220;row&#8220; use_row_as_full_screen_section=&#8220;no&#8220; type=&#8220;full_width&#8220; angled_section=&#8220;no&#8220; text_align=&#8220;center&#8220; background_image_as_pattern=&#8220;without_pattern&#8220; background_color=&#8220;#ffffff&#8220;][vc_column][vc_row_inner row_type=&#8220;row&#8220; type=&#8220;grid&#8220; text_align=&#8220;left&#8220; padding_top=&#8220;40&#8243; padding_bottom=&#8220;0&#8243; css_animation=&#8220;&#8220;][vc_column_inner width=&#8220;1\/2&#8243;][vc_separator type=&#8220;transparent&#8220; up=&#8220;20&#8243; down=&#8220;0&#8243;][vc_column_text]Suchen Sie in Pozna\u0144 oder Koszalin nach einer professionellen Transportfirma? Ihnen ist Sicherheit, P\u00fcnktlichkeit und Genauigkeit wichtig? Sie befinden sich in einem richtigen Platz. Wir sind ein&#8230;<\/p>\n","protected":false},"author":1,"featured_media":0,"parent":0,"menu_order":0,"comment_status":"open","ping_status":"open","template":"","meta":{"_acf_changed":false,"footnotes":""},"class_list":["post-16089","page","type-page","status-publish","hentry"],"acf":[],"yoast_head":"<!-- This site is optimized with the Yoast SEO plugin v27.6 - https:\/\/yoast.com\/product\/yoast-seo-wordpress\/ -->\n<title>Transport ci\u0119\u017carowy mi\u0119dzynarodowy | Koszalin, Pozna\u0144 - TSL Nordic<\/title>\n<meta name=\"description\" content=\"Oferujemy transport ci\u0119\u017carowy mi\u0119dzynarodowy z Poznania i Koszalina. Jeste\u015bmy firm\u0105 nowoczesn\u0105 ukierunkowan\u0105 na ci\u0105g\u0142y rozw\u00f3j. Zapraszamy!\" \/>\n<meta name=\"robots\" content=\"index, follow, max-snippet:-1, max-image-preview:large, max-video-preview:-1\" \/>\n<link rel=\"canonical\" href=\"https:\/\/tsl-nordic.com\/de\/angebot-2\/\" \/>\n<meta property=\"og:locale\" content=\"de_DE\" \/>\n<meta property=\"og:type\" content=\"article\" \/>\n<meta property=\"og:title\" content=\"Transport ci\u0119\u017carowy mi\u0119dzynarodowy | Koszalin, Pozna\u0144 - TSL Nordic\" \/>\n<meta property=\"og:description\" content=\"Oferujemy transport ci\u0119\u017carowy mi\u0119dzynarodowy z Poznania i Koszalina. Jeste\u015bmy firm\u0105 nowoczesn\u0105 ukierunkowan\u0105 na ci\u0105g\u0142y rozw\u00f3j. Zapraszamy!\" \/>\n<meta property=\"og:url\" content=\"https:\/\/tsl-nordic.com\/de\/angebot-2\/\" \/>\n<meta property=\"og:site_name\" content=\"Spedycja mi\u0119dzynarodowa, Firma transportowa | TSL Nordic\" \/>\n<meta property=\"article:modified_time\" content=\"2020-02-10T10:34:56+00:00\" \/>\n<meta name=\"twitter:card\" content=\"summary_large_image\" \/>\n<meta name=\"twitter:label1\" content=\"Gesch\u00e4tzte Lesezeit\" \/>\n\t<meta name=\"twitter:data1\" content=\"2\u00a0Minuten\" \/>\n<script type=\"application\/ld+json\" class=\"yoast-schema-graph\">{\"@context\":\"https:\\\/\\\/schema.org\",\"@graph\":[{\"@type\":\"WebPage\",\"@id\":\"https:\\\/\\\/tsl-nordic.com\\\/de\\\/angebot-2\\\/\",\"url\":\"https:\\\/\\\/tsl-nordic.com\\\/de\\\/angebot-2\\\/\",\"name\":\"Transport ci\u0119\u017carowy mi\u0119dzynarodowy | Koszalin, Pozna\u0144 - TSL Nordic\",\"isPartOf\":{\"@id\":\"https:\\\/\\\/tsl-nordic.com\\\/#website\"},\"datePublished\":\"2017-01-23T13:40:45+00:00\",\"dateModified\":\"2020-02-10T10:34:56+00:00\",\"description\":\"Oferujemy transport ci\u0119\u017carowy mi\u0119dzynarodowy z Poznania i Koszalina. Jeste\u015bmy firm\u0105 nowoczesn\u0105 ukierunkowan\u0105 na ci\u0105g\u0142y rozw\u00f3j. Zapraszamy!\",\"breadcrumb\":{\"@id\":\"https:\\\/\\\/tsl-nordic.com\\\/de\\\/angebot-2\\\/#breadcrumb\"},\"inLanguage\":\"de\",\"potentialAction\":[{\"@type\":\"ReadAction\",\"target\":[\"https:\\\/\\\/tsl-nordic.com\\\/de\\\/angebot-2\\\/\"]}]},{\"@type\":\"BreadcrumbList\",\"@id\":\"https:\\\/\\\/tsl-nordic.com\\\/de\\\/angebot-2\\\/#breadcrumb\",\"itemListElement\":[{\"@type\":\"ListItem\",\"position\":1,\"name\":\"Strona g\u0142\u00f3wna\",\"item\":\"https:\\\/\\\/tsl-nordic.com\\\/de\\\/\"},{\"@type\":\"ListItem\",\"position\":2,\"name\":\"Angebot\"}]},{\"@type\":\"WebSite\",\"@id\":\"https:\\\/\\\/tsl-nordic.com\\\/#website\",\"url\":\"https:\\\/\\\/tsl-nordic.com\\\/\",\"name\":\"Spedycja mi\u0119dzynarodowa, Firma transportowa | TSL Nordic\",\"description\":\"\",\"potentialAction\":[{\"@type\":\"SearchAction\",\"target\":{\"@type\":\"EntryPoint\",\"urlTemplate\":\"https:\\\/\\\/tsl-nordic.com\\\/?s={search_term_string}\"},\"query-input\":{\"@type\":\"PropertyValueSpecification\",\"valueRequired\":true,\"valueName\":\"search_term_string\"}}],\"inLanguage\":\"de\"}]}<\/script>\n<!-- \/ Yoast SEO plugin. -->","yoast_head_json":{"title":"Transport ci\u0119\u017carowy mi\u0119dzynarodowy | Koszalin, Pozna\u0144 - TSL Nordic","description":"Oferujemy transport ci\u0119\u017carowy mi\u0119dzynarodowy z Poznania i Koszalina. Jeste\u015bmy firm\u0105 nowoczesn\u0105 ukierunkowan\u0105 na ci\u0105g\u0142y rozw\u00f3j. Zapraszamy!","robots":{"index":"index","follow":"follow","max-snippet":"max-snippet:-1","max-image-preview":"max-image-preview:large","max-video-preview":"max-video-preview:-1"},"canonical":"https:\/\/tsl-nordic.com\/de\/angebot-2\/","og_locale":"de_DE","og_type":"article","og_title":"Transport ci\u0119\u017carowy mi\u0119dzynarodowy | Koszalin, Pozna\u0144 - TSL Nordic","og_description":"Oferujemy transport ci\u0119\u017carowy mi\u0119dzynarodowy z Poznania i Koszalina. Jeste\u015bmy firm\u0105 nowoczesn\u0105 ukierunkowan\u0105 na ci\u0105g\u0142y rozw\u00f3j. Zapraszamy!","og_url":"https:\/\/tsl-nordic.com\/de\/angebot-2\/","og_site_name":"Spedycja mi\u0119dzynarodowa, Firma transportowa | TSL Nordic","article_modified_time":"2020-02-10T10:34:56+00:00","twitter_card":"summary_large_image","twitter_misc":{"Gesch\u00e4tzte Lesezeit":"2\u00a0Minuten"},"schema":{"@context":"https:\/\/schema.org","@graph":[{"@type":"WebPage","@id":"https:\/\/tsl-nordic.com\/de\/angebot-2\/","url":"https:\/\/tsl-nordic.com\/de\/angebot-2\/","name":"Transport ci\u0119\u017carowy mi\u0119dzynarodowy | Koszalin, Pozna\u0144 - TSL Nordic","isPartOf":{"@id":"https:\/\/tsl-nordic.com\/#website"},"datePublished":"2017-01-23T13:40:45+00:00","dateModified":"2020-02-10T10:34:56+00:00","description":"Oferujemy transport ci\u0119\u017carowy mi\u0119dzynarodowy z Poznania i Koszalina. Jeste\u015bmy firm\u0105 nowoczesn\u0105 ukierunkowan\u0105 na ci\u0105g\u0142y rozw\u00f3j. Zapraszamy!","breadcrumb":{"@id":"https:\/\/tsl-nordic.com\/de\/angebot-2\/#breadcrumb"},"inLanguage":"de","potentialAction":[{"@type":"ReadAction","target":["https:\/\/tsl-nordic.com\/de\/angebot-2\/"]}]},{"@type":"BreadcrumbList","@id":"https:\/\/tsl-nordic.com\/de\/angebot-2\/#breadcrumb","itemListElement":[{"@type":"ListItem","position":1,"name":"Strona g\u0142\u00f3wna","item":"https:\/\/tsl-nordic.com\/de\/"},{"@type":"ListItem","position":2,"name":"Angebot"}]},{"@type":"WebSite","@id":"https:\/\/tsl-nordic.com\/#website","url":"https:\/\/tsl-nordic.com\/","name":"Spedycja mi\u0119dzynarodowa, Firma transportowa | TSL Nordic","description":"","potentialAction":[{"@type":"SearchAction","target":{"@type":"EntryPoint","urlTemplate":"https:\/\/tsl-nordic.com\/?s={search_term_string}"},"query-input":{"@type":"PropertyValueSpecification","valueRequired":true,"valueName":"search_term_string"}}],"inLanguage":"de"}]}},"_links":{"self":[{"href":"https:\/\/tsl-nordic.com\/de\/wp-json\/wp\/v2\/pages\/16089","targetHints":{"allow":["GET"]}}],"collection":[{"href":"https:\/\/tsl-nordic.com\/de\/wp-json\/wp\/v2\/pages"}],"about":[{"href":"https:\/\/tsl-nordic.com\/de\/wp-json\/wp\/v2\/types\/page"}],"author":[{"embeddable":true,"href":"https:\/\/tsl-nordic.com\/de\/wp-json\/wp\/v2\/users\/1"}],"replies":[{"embeddable":true,"href":"https:\/\/tsl-nordic.com\/de\/wp-json\/wp\/v2\/comments?post=16089"}],"version-history":[{"count":0,"href":"https:\/\/tsl-nordic.com\/de\/wp-json\/wp\/v2\/pages\/16089\/revisions"}],"wp:attachment":[{"href":"https:\/\/tsl-nordic.com\/de\/wp-json\/wp\/v2\/media?parent=16089"}],"curies":[{"name":"wp","href":"https:\/\/api.w.org\/{rel}","templated":true}]}}