{"id":16093,"date":"2017-01-23T14:45:53","date_gmt":"2017-01-23T13:45:53","guid":{"rendered":"https:\/\/staging.tsl-nordic.com\/?page_id=16093"},"modified":"2023-10-26T09:45:59","modified_gmt":"2023-10-26T07:45:59","slug":"transport","status":"publish","type":"page","link":"https:\/\/tsl-nordic.com\/de\/transport\/","title":{"rendered":"Transport"},"content":{"rendered":"<div class=\"wpb-content-wrapper\"><p>[vc_row css_animation=&#8220;&#8220; row_type=&#8220;row&#8220; use_row_as_full_screen_section=&#8220;no&#8220; type=&#8220;full_width&#8220; angled_section=&#8220;no&#8220; text_align=&#8220;center&#8220; background_image_as_pattern=&#8220;without_pattern&#8220; background_color=&#8220;#ffffff&#8220;][vc_column][vc_row_inner row_type=&#8220;row&#8220; type=&#8220;grid&#8220; text_align=&#8220;left&#8220; padding_top=&#8220;40&#8243; padding_bottom=&#8220;0&#8243; css_animation=&#8220;&#8220;][vc_column_inner width=&#8220;1\/2&#8243;][vc_separator type=&#8220;transparent&#8220; up=&#8220;20&#8243; down=&#8220;0&#8243;][vc_column_text]Stra\u00dfenverkehr ist uns besonders wichtig, wir sind seit Jahren in diesem Bereich t\u00e4tig! Dank unserer Kenntnisse und Erfahrung k\u00f6nnen wir unseren Kunden in dem allt\u00e4glichen Herausforderungen der schweren Branche helfen. Wir wissen von der eigenen Erfahrung, wie viel auf der Stra\u00dfe passieren kann.<\/p>\n<p>&nbsp;<\/p>\n<p>Die Kenntnisse erlaubt uns die Aufrechterhaltung der guten Beziehungen und Vermeidung der Konflikte und Unverst\u00e4ndlichkeiten. Zusammen sind wir st\u00e4rker! Wir bieten sowohl Klein- als auch Gro\u00dftransport an. Unsere Partner verf\u00fcgen \u00fcber eine breite Auswahl von Transportmittel, Mehrheit von denen sind Fahrzeuge 13,6 m 24,5 t Ladef\u00e4higkeit. Plane, Mega, Satz, K\u00fchlwagen sind Fahrzeuge, die bei uns t\u00e4tig sind. Verwaltung von Fuhrpark durch F\u00fchrung der Fahrzeuge in der EU und Skandinavien ist unsere St\u00e4rke. Bei Bed\u00fcrfnis helfen wir bei der Auswahl des Fahrzeuges, wir verf\u00fcgen auch \u00fcber kleinere Autos. [\/vc_column_text][vc_separator type=&#8220;transparent&#8220; up=&#8220;30&#8243; down=&#8220;0&#8243;][vc_column_text]<strong>Die Erfahrung <\/strong> in der Verwaltung der Transportfirma <strong>Andersen Euro Handel<\/strong> erm\u00f6glicht uns das Verst\u00e4ndnis der Bed\u00fcrfnisse <strong>unserer Transporteuren. <\/strong>[\/vc_column_text][vc_separator type=&#8220;transparent&#8220; up=&#8220;30&#8243; down=&#8220;0&#8243;]<a  href=\"https:\/\/tsl-nordic.com\/de\/kontakt\/\" target=\"_self\"  class=\"qbutton \" style=\"\">Kontakt<\/a>[vc_separator type=&#8220;transparent&#8220; up=&#8220;30&#8243; down=&#8220;0&#8243;][\/vc_column_inner][vc_column_inner width=&#8220;1\/2&#8243;][vc_separator type=&#8220;transparent&#8220; up=&#8220;30&#8243; down=&#8220;0&#8243;][vc_single_image image=&#8220;15609&#8243; img_size=&#8220;full&#8220; qode_css_animation=&#8220;&#8220;][vc_separator type=&#8220;transparent&#8220; up=&#8220;87&#8243; down=&#8220;0&#8243;][\/vc_column_inner][\/vc_row_inner][\/vc_column][\/vc_row][vc_row css_animation=&#8220;&#8220; row_type=&#8220;row&#8220; use_row_as_full_screen_section=&#8220;no&#8220; type=&#8220;full_width&#8220; angled_section=&#8220;no&#8220; text_align=&#8220;left&#8220; background_image_as_pattern=&#8220;without_pattern&#8220;][vc_column][vc_separator type=&#8220;normal&#8220; up=&#8220;0&#8243; down=&#8220;0&#8243;][\/vc_column][\/vc_row]<\/p>\n<\/div>","protected":false},"excerpt":{"rendered":"<p>[vc_row css_animation=&#8220;&#8220; row_type=&#8220;row&#8220; use_row_as_full_screen_section=&#8220;no&#8220; type=&#8220;full_width&#8220; angled_section=&#8220;no&#8220; text_align=&#8220;center&#8220; background_image_as_pattern=&#8220;without_pattern&#8220; background_color=&#8220;#ffffff&#8220;][vc_column][vc_row_inner row_type=&#8220;row&#8220; type=&#8220;grid&#8220; text_align=&#8220;left&#8220; padding_top=&#8220;40&#8243; padding_bottom=&#8220;0&#8243; css_animation=&#8220;&#8220;][vc_column_inner width=&#8220;1\/2&#8243;][vc_separator type=&#8220;transparent&#8220; up=&#8220;20&#8243; down=&#8220;0&#8243;][vc_column_text]Stra\u00dfenverkehr ist uns besonders wichtig, wir sind seit Jahren in diesem Bereich t\u00e4tig! Dank unserer Kenntnisse und Erfahrung k\u00f6nnen wir unseren Kunden in dem allt\u00e4glichen Herausforderungen der&#8230;<\/p>\n","protected":false},"author":1,"featured_media":0,"parent":0,"menu_order":0,"comment_status":"open","ping_status":"open","template":"","meta":{"_acf_changed":false,"footnotes":""},"class_list":["post-16093","page","type-page","status-publish","hentry"],"acf":[],"yoast_head":"<!-- This site is optimized with the Yoast SEO plugin v27.6 - https:\/\/yoast.com\/product\/yoast-seo-wordpress\/ -->\n<title>Transport von \u00fcbergro\u00dfen G\u00fctern Koszalin | Transportunternehmen TSL Nordic<\/title>\n<meta name=\"description\" content=\"Der Stra\u00dfentransport, sowohl national als auch international, ist uns sehr nahe, wir arbeiten in ihm seit Jahren. Unsere Erfahrung f\u00fchrt dazu, dass es keine Probleme gibt.\" \/>\n<meta name=\"robots\" content=\"index, follow, max-snippet:-1, max-image-preview:large, max-video-preview:-1\" \/>\n<link rel=\"canonical\" href=\"https:\/\/tsl-nordic.com\/de\/transport\/\" \/>\n<meta property=\"og:locale\" content=\"de_DE\" \/>\n<meta property=\"og:type\" content=\"article\" \/>\n<meta property=\"og:title\" content=\"Transport von \u00fcbergro\u00dfen G\u00fctern Koszalin | Transportunternehmen TSL Nordic\" \/>\n<meta property=\"og:description\" content=\"Der Stra\u00dfentransport, sowohl national als auch international, ist uns sehr nahe, wir arbeiten in ihm seit Jahren. Unsere Erfahrung f\u00fchrt dazu, dass es keine Probleme gibt.\" \/>\n<meta property=\"og:url\" content=\"https:\/\/tsl-nordic.com\/de\/transport\/\" \/>\n<meta property=\"og:site_name\" content=\"Spedycja mi\u0119dzynarodowa, Firma transportowa | TSL Nordic\" \/>\n<meta property=\"article:modified_time\" content=\"2023-10-26T07:45:59+00:00\" \/>\n<meta name=\"twitter:card\" content=\"summary_large_image\" \/>\n<meta name=\"twitter:label1\" content=\"Gesch\u00e4tzte Lesezeit\" \/>\n\t<meta name=\"twitter:data1\" content=\"2\u00a0Minuten\" \/>\n<script type=\"application\/ld+json\" class=\"yoast-schema-graph\">{\"@context\":\"https:\\\/\\\/schema.org\",\"@graph\":[{\"@type\":\"WebPage\",\"@id\":\"https:\\\/\\\/tsl-nordic.com\\\/de\\\/transport\\\/\",\"url\":\"https:\\\/\\\/tsl-nordic.com\\\/de\\\/transport\\\/\",\"name\":\"Transport von \u00fcbergro\u00dfen G\u00fctern Koszalin | Transportunternehmen TSL Nordic\",\"isPartOf\":{\"@id\":\"https:\\\/\\\/tsl-nordic.com\\\/#website\"},\"datePublished\":\"2017-01-23T13:45:53+00:00\",\"dateModified\":\"2023-10-26T07:45:59+00:00\",\"description\":\"Der Stra\u00dfentransport, sowohl national als auch international, ist uns sehr nahe, wir arbeiten in ihm seit Jahren. Unsere Erfahrung f\u00fchrt dazu, dass es keine Probleme gibt.\",\"breadcrumb\":{\"@id\":\"https:\\\/\\\/tsl-nordic.com\\\/de\\\/transport\\\/#breadcrumb\"},\"inLanguage\":\"de\",\"potentialAction\":[{\"@type\":\"ReadAction\",\"target\":[\"https:\\\/\\\/tsl-nordic.com\\\/de\\\/transport\\\/\"]}]},{\"@type\":\"BreadcrumbList\",\"@id\":\"https:\\\/\\\/tsl-nordic.com\\\/de\\\/transport\\\/#breadcrumb\",\"itemListElement\":[{\"@type\":\"ListItem\",\"position\":1,\"name\":\"Strona g\u0142\u00f3wna\",\"item\":\"https:\\\/\\\/tsl-nordic.com\\\/de\\\/\"},{\"@type\":\"ListItem\",\"position\":2,\"name\":\"Transport\"}]},{\"@type\":\"WebSite\",\"@id\":\"https:\\\/\\\/tsl-nordic.com\\\/#website\",\"url\":\"https:\\\/\\\/tsl-nordic.com\\\/\",\"name\":\"Spedycja mi\u0119dzynarodowa, Firma transportowa | TSL Nordic\",\"description\":\"\",\"potentialAction\":[{\"@type\":\"SearchAction\",\"target\":{\"@type\":\"EntryPoint\",\"urlTemplate\":\"https:\\\/\\\/tsl-nordic.com\\\/?s={search_term_string}\"},\"query-input\":{\"@type\":\"PropertyValueSpecification\",\"valueRequired\":true,\"valueName\":\"search_term_string\"}}],\"inLanguage\":\"de\"}]}<\/script>\n<!-- \/ Yoast SEO plugin. -->","yoast_head_json":{"title":"Transport von \u00fcbergro\u00dfen G\u00fctern Koszalin | Transportunternehmen TSL Nordic","description":"Der Stra\u00dfentransport, sowohl national als auch international, ist uns sehr nahe, wir arbeiten in ihm seit Jahren. Unsere Erfahrung f\u00fchrt dazu, dass es keine Probleme gibt.","robots":{"index":"index","follow":"follow","max-snippet":"max-snippet:-1","max-image-preview":"max-image-preview:large","max-video-preview":"max-video-preview:-1"},"canonical":"https:\/\/tsl-nordic.com\/de\/transport\/","og_locale":"de_DE","og_type":"article","og_title":"Transport von \u00fcbergro\u00dfen G\u00fctern Koszalin | Transportunternehmen TSL Nordic","og_description":"Der Stra\u00dfentransport, sowohl national als auch international, ist uns sehr nahe, wir arbeiten in ihm seit Jahren. Unsere Erfahrung f\u00fchrt dazu, dass es keine Probleme gibt.","og_url":"https:\/\/tsl-nordic.com\/de\/transport\/","og_site_name":"Spedycja mi\u0119dzynarodowa, Firma transportowa | TSL Nordic","article_modified_time":"2023-10-26T07:45:59+00:00","twitter_card":"summary_large_image","twitter_misc":{"Gesch\u00e4tzte Lesezeit":"2\u00a0Minuten"},"schema":{"@context":"https:\/\/schema.org","@graph":[{"@type":"WebPage","@id":"https:\/\/tsl-nordic.com\/de\/transport\/","url":"https:\/\/tsl-nordic.com\/de\/transport\/","name":"Transport von \u00fcbergro\u00dfen G\u00fctern Koszalin | Transportunternehmen TSL Nordic","isPartOf":{"@id":"https:\/\/tsl-nordic.com\/#website"},"datePublished":"2017-01-23T13:45:53+00:00","dateModified":"2023-10-26T07:45:59+00:00","description":"Der Stra\u00dfentransport, sowohl national als auch international, ist uns sehr nahe, wir arbeiten in ihm seit Jahren. Unsere Erfahrung f\u00fchrt dazu, dass es keine Probleme gibt.","breadcrumb":{"@id":"https:\/\/tsl-nordic.com\/de\/transport\/#breadcrumb"},"inLanguage":"de","potentialAction":[{"@type":"ReadAction","target":["https:\/\/tsl-nordic.com\/de\/transport\/"]}]},{"@type":"BreadcrumbList","@id":"https:\/\/tsl-nordic.com\/de\/transport\/#breadcrumb","itemListElement":[{"@type":"ListItem","position":1,"name":"Strona g\u0142\u00f3wna","item":"https:\/\/tsl-nordic.com\/de\/"},{"@type":"ListItem","position":2,"name":"Transport"}]},{"@type":"WebSite","@id":"https:\/\/tsl-nordic.com\/#website","url":"https:\/\/tsl-nordic.com\/","name":"Spedycja mi\u0119dzynarodowa, Firma transportowa | TSL Nordic","description":"","potentialAction":[{"@type":"SearchAction","target":{"@type":"EntryPoint","urlTemplate":"https:\/\/tsl-nordic.com\/?s={search_term_string}"},"query-input":{"@type":"PropertyValueSpecification","valueRequired":true,"valueName":"search_term_string"}}],"inLanguage":"de"}]}},"_links":{"self":[{"href":"https:\/\/tsl-nordic.com\/de\/wp-json\/wp\/v2\/pages\/16093","targetHints":{"allow":["GET"]}}],"collection":[{"href":"https:\/\/tsl-nordic.com\/de\/wp-json\/wp\/v2\/pages"}],"about":[{"href":"https:\/\/tsl-nordic.com\/de\/wp-json\/wp\/v2\/types\/page"}],"author":[{"embeddable":true,"href":"https:\/\/tsl-nordic.com\/de\/wp-json\/wp\/v2\/users\/1"}],"replies":[{"embeddable":true,"href":"https:\/\/tsl-nordic.com\/de\/wp-json\/wp\/v2\/comments?post=16093"}],"version-history":[{"count":0,"href":"https:\/\/tsl-nordic.com\/de\/wp-json\/wp\/v2\/pages\/16093\/revisions"}],"wp:attachment":[{"href":"https:\/\/tsl-nordic.com\/de\/wp-json\/wp\/v2\/media?parent=16093"}],"curies":[{"name":"wp","href":"https:\/\/api.w.org\/{rel}","templated":true}]}}