{"id":16099,"date":"2017-01-23T15:01:22","date_gmt":"2017-01-23T14:01:22","guid":{"rendered":"https:\/\/staging.tsl-nordic.com\/?page_id=16099"},"modified":"2024-01-18T12:36:32","modified_gmt":"2024-01-18T11:36:32","slug":"logistik","status":"publish","type":"page","link":"https:\/\/tsl-nordic.com\/de\/logistik\/","title":{"rendered":"Logistik"},"content":{"rendered":"<div class=\"wpb-content-wrapper\"><p>[vc_row css_animation=&#8220;&#8220; row_type=&#8220;row&#8220; use_row_as_full_screen_section=&#8220;no&#8220; type=&#8220;full_width&#8220; angled_section=&#8220;no&#8220; text_align=&#8220;center&#8220; background_image_as_pattern=&#8220;without_pattern&#8220; background_color=&#8220;#ffffff&#8220;][vc_column][vc_row_inner row_type=&#8220;row&#8220; type=&#8220;grid&#8220; text_align=&#8220;left&#8220; padding_top=&#8220;40&#8243; padding_bottom=&#8220;0&#8243; css_animation=&#8220;&#8220;][vc_column_inner width=&#8220;1\/2&#8243;][vc_separator type=&#8220;transparent&#8220; up=&#8220;20&#8243; down=&#8220;0&#8243;][vc_column_text]<strong>Transport<\/strong> ist nicht nur \u00dcbertragung von Waren. Zwecks Beschleunigung der Ladungen und Aufrechterhaltung der g\u00fcnstigen Preise muss man logistische Verwaltung anwenden. Von Anfang an bis zum Endkunden k\u00fcmmern wir uns um jeden Transportabschnitt.<br \/>\n<strong>Breites Kontaktnetz <\/strong>erlaubt uns die Lagerung und Umladen der Waren in vielen Orten Polens und Europas. Es erm\u00f6glicht uns die Dienstleitungen auf dem h\u00f6chsten Niveau. Vertrauen Sie uns und finden Sie heraus, wie schnell und einfach wir Transport Ihren Waren modernisieren werden. Sie sind herzlich eingeladen![\/vc_column_text][vc_separator type=&#8220;transparent&#8220; up=&#8220;30&#8243; down=&#8220;0&#8243;]<a  href=\"https:\/\/tsl-nordic.com\/de\/kontakt\/\" target=\"_self\"  class=\"qbutton \" style=\"\">Kontakt<\/a>[vc_separator type=&#8220;transparent&#8220; up=&#8220;30&#8243; down=&#8220;0&#8243;][\/vc_column_inner][vc_column_inner width=&#8220;1\/2&#8243;][vc_separator type=&#8220;transparent&#8220; up=&#8220;10&#8243; down=&#8220;0&#8243;][vc_single_image image=&#8220;15609&#8243; img_size=&#8220;full&#8220; qode_css_animation=&#8220;&#8220;][vc_separator type=&#8220;transparent&#8220; up=&#8220;87&#8243; down=&#8220;0&#8243;][\/vc_column_inner][\/vc_row_inner][\/vc_column][\/vc_row][vc_row row_type=&#8220;parallax&#8220; parallax_content_width=&#8220;in_grid&#8220; text_align=&#8220;center&#8220; background_image=&#8220;15674&#8243; section_height=&#8220;345&#8243;][vc_column][vc_row_inner row_type=&#8220;row&#8220; type=&#8220;grid&#8220; text_align=&#8220;left&#8220; padding_top=&#8220;105&#8243; padding_bottom=&#8220;55&#8243; css_animation=&#8220;&#8220;][vc_column_inner width=&#8220;1\/3&#8243;]<div class=\"q_counter_holder  left\"><span class=\"counter  zero\" style=\"\">20<\/span><p class=\"counter_text\" style=\"\">Spediteuren<\/p><\/div>[vc_separator type=&#8220;transparent&#8220; up=&#8220;50&#8243; down=&#8220;0&#8243;][\/vc_column_inner][vc_column_inner width=&#8220;1\/3&#8243;]<div class=\"q_counter_holder  left\"><span class=\"counter  zero\" style=\"\">1381<\/span><p class=\"counter_text\" style=\"\">Kontrahenten<\/p><\/div>[vc_separator type=&#8220;transparent&#8220; up=&#8220;50&#8243; down=&#8220;0&#8243;][\/vc_column_inner][vc_column_inner width=&#8220;1\/3&#8243;]<div class=\"q_counter_holder  left\"><span class=\"counter  zero\" style=\"\">3585<\/span><p class=\"counter_text\" style=\"\">durchgef\u00fchrten Transporte<\/p><\/div>[vc_separator type=&#8220;transparent&#8220; up=&#8220;50&#8243; down=&#8220;0&#8243;][\/vc_column_inner][\/vc_row_inner][\/vc_column][\/vc_row][vc_row css_animation=&#8220;&#8220; row_type=&#8220;row&#8220; use_row_as_full_screen_section=&#8220;no&#8220; type=&#8220;full_width&#8220; angled_section=&#8220;no&#8220; text_align=&#8220;left&#8220; background_image_as_pattern=&#8220;without_pattern&#8220;][vc_column][vc_separator type=&#8220;normal&#8220; up=&#8220;0&#8243; down=&#8220;0&#8243;][\/vc_column][\/vc_row]<\/p>\n<\/div>","protected":false},"excerpt":{"rendered":"<p>[vc_row css_animation=&#8220;&#8220; row_type=&#8220;row&#8220; use_row_as_full_screen_section=&#8220;no&#8220; type=&#8220;full_width&#8220; angled_section=&#8220;no&#8220; text_align=&#8220;center&#8220; background_image_as_pattern=&#8220;without_pattern&#8220; background_color=&#8220;#ffffff&#8220;][vc_column][vc_row_inner row_type=&#8220;row&#8220; type=&#8220;grid&#8220; text_align=&#8220;left&#8220; padding_top=&#8220;40&#8243; padding_bottom=&#8220;0&#8243; css_animation=&#8220;&#8220;][vc_column_inner width=&#8220;1\/2&#8243;][vc_separator type=&#8220;transparent&#8220; up=&#8220;20&#8243; down=&#8220;0&#8243;][vc_column_text]Transport ist nicht nur \u00dcbertragung von Waren. Zwecks Beschleunigung der Ladungen und Aufrechterhaltung der g\u00fcnstigen Preise muss man logistische Verwaltung anwenden. Von Anfang an bis zum Endkunden&#8230;<\/p>\n","protected":false},"author":1,"featured_media":0,"parent":0,"menu_order":0,"comment_status":"open","ping_status":"open","template":"full_width.php","meta":{"_acf_changed":false,"footnotes":""},"class_list":["post-16099","page","type-page","status-publish","hentry"],"acf":[],"yoast_head":"<!-- This site is optimized with the Yoast SEO plugin v27.6 - https:\/\/yoast.com\/product\/yoast-seo-wordpress\/ -->\n<title>Logistik Koszalin | Transportunternehmen TSL Nordic<\/title>\n<meta name=\"robots\" content=\"index, follow, max-snippet:-1, max-image-preview:large, max-video-preview:-1\" \/>\n<link rel=\"canonical\" href=\"https:\/\/tsl-nordic.com\/de\/logistik\/\" \/>\n<meta property=\"og:locale\" content=\"de_DE\" \/>\n<meta property=\"og:type\" content=\"article\" \/>\n<meta property=\"og:title\" content=\"Logistik Koszalin | Transportunternehmen TSL Nordic\" \/>\n<meta property=\"og:description\" content=\"[vc_row css_animation=&#8220;&#8220; row_type=&#8220;row&#8220; use_row_as_full_screen_section=&#8220;no&#8220; type=&#8220;full_width&#8220; angled_section=&#8220;no&#8220; text_align=&#8220;center&#8220; background_image_as_pattern=&#8220;without_pattern&#8220; background_color=&#8220;#ffffff&#8220;][vc_column][vc_row_inner row_type=&#8220;row&#8220; type=&#8220;grid&#8220; text_align=&#8220;left&#8220; padding_top=&#8220;40&#8243; padding_bottom=&#8220;0&#8243; css_animation=&#8220;&#8220;][vc_column_inner width=&#8220;1\/2&#8243;][vc_separator type=&#8220;transparent&#8220; up=&#8220;20&#8243; down=&#8220;0&#8243;][vc_column_text]Transport ist nicht nur \u00dcbertragung von Waren. Zwecks Beschleunigung der Ladungen und Aufrechterhaltung der g\u00fcnstigen Preise muss man logistische Verwaltung anwenden. Von Anfang an bis zum Endkunden...\" \/>\n<meta property=\"og:url\" content=\"https:\/\/tsl-nordic.com\/de\/logistik\/\" \/>\n<meta property=\"og:site_name\" content=\"Spedycja mi\u0119dzynarodowa, Firma transportowa | TSL Nordic\" \/>\n<meta property=\"article:modified_time\" content=\"2024-01-18T11:36:32+00:00\" \/>\n<meta name=\"twitter:card\" content=\"summary_large_image\" \/>\n<meta name=\"twitter:label1\" content=\"Gesch\u00e4tzte Lesezeit\" \/>\n\t<meta name=\"twitter:data1\" content=\"2\u00a0Minuten\" \/>\n<script type=\"application\/ld+json\" class=\"yoast-schema-graph\">{\"@context\":\"https:\\\/\\\/schema.org\",\"@graph\":[{\"@type\":\"WebPage\",\"@id\":\"https:\\\/\\\/tsl-nordic.com\\\/de\\\/logistik\\\/\",\"url\":\"https:\\\/\\\/tsl-nordic.com\\\/de\\\/logistik\\\/\",\"name\":\"Logistik Koszalin | Transportunternehmen TSL Nordic\",\"isPartOf\":{\"@id\":\"https:\\\/\\\/tsl-nordic.com\\\/#website\"},\"datePublished\":\"2017-01-23T14:01:22+00:00\",\"dateModified\":\"2024-01-18T11:36:32+00:00\",\"breadcrumb\":{\"@id\":\"https:\\\/\\\/tsl-nordic.com\\\/de\\\/logistik\\\/#breadcrumb\"},\"inLanguage\":\"de\",\"potentialAction\":[{\"@type\":\"ReadAction\",\"target\":[\"https:\\\/\\\/tsl-nordic.com\\\/de\\\/logistik\\\/\"]}]},{\"@type\":\"BreadcrumbList\",\"@id\":\"https:\\\/\\\/tsl-nordic.com\\\/de\\\/logistik\\\/#breadcrumb\",\"itemListElement\":[{\"@type\":\"ListItem\",\"position\":1,\"name\":\"Strona g\u0142\u00f3wna\",\"item\":\"https:\\\/\\\/tsl-nordic.com\\\/de\\\/\"},{\"@type\":\"ListItem\",\"position\":2,\"name\":\"Logistik\"}]},{\"@type\":\"WebSite\",\"@id\":\"https:\\\/\\\/tsl-nordic.com\\\/#website\",\"url\":\"https:\\\/\\\/tsl-nordic.com\\\/\",\"name\":\"Spedycja mi\u0119dzynarodowa, Firma transportowa | TSL Nordic\",\"description\":\"\",\"potentialAction\":[{\"@type\":\"SearchAction\",\"target\":{\"@type\":\"EntryPoint\",\"urlTemplate\":\"https:\\\/\\\/tsl-nordic.com\\\/?s={search_term_string}\"},\"query-input\":{\"@type\":\"PropertyValueSpecification\",\"valueRequired\":true,\"valueName\":\"search_term_string\"}}],\"inLanguage\":\"de\"}]}<\/script>\n<!-- \/ Yoast SEO plugin. -->","yoast_head_json":{"title":"Logistik Koszalin | Transportunternehmen TSL Nordic","robots":{"index":"index","follow":"follow","max-snippet":"max-snippet:-1","max-image-preview":"max-image-preview:large","max-video-preview":"max-video-preview:-1"},"canonical":"https:\/\/tsl-nordic.com\/de\/logistik\/","og_locale":"de_DE","og_type":"article","og_title":"Logistik Koszalin | Transportunternehmen TSL Nordic","og_description":"[vc_row css_animation=&#8220;&#8220; row_type=&#8220;row&#8220; use_row_as_full_screen_section=&#8220;no&#8220; type=&#8220;full_width&#8220; angled_section=&#8220;no&#8220; text_align=&#8220;center&#8220; background_image_as_pattern=&#8220;without_pattern&#8220; background_color=&#8220;#ffffff&#8220;][vc_column][vc_row_inner row_type=&#8220;row&#8220; type=&#8220;grid&#8220; text_align=&#8220;left&#8220; padding_top=&#8220;40&#8243; padding_bottom=&#8220;0&#8243; css_animation=&#8220;&#8220;][vc_column_inner width=&#8220;1\/2&#8243;][vc_separator type=&#8220;transparent&#8220; up=&#8220;20&#8243; down=&#8220;0&#8243;][vc_column_text]Transport ist nicht nur \u00dcbertragung von Waren. Zwecks Beschleunigung der Ladungen und Aufrechterhaltung der g\u00fcnstigen Preise muss man logistische Verwaltung anwenden. Von Anfang an bis zum Endkunden...","og_url":"https:\/\/tsl-nordic.com\/de\/logistik\/","og_site_name":"Spedycja mi\u0119dzynarodowa, Firma transportowa | TSL Nordic","article_modified_time":"2024-01-18T11:36:32+00:00","twitter_card":"summary_large_image","twitter_misc":{"Gesch\u00e4tzte Lesezeit":"2\u00a0Minuten"},"schema":{"@context":"https:\/\/schema.org","@graph":[{"@type":"WebPage","@id":"https:\/\/tsl-nordic.com\/de\/logistik\/","url":"https:\/\/tsl-nordic.com\/de\/logistik\/","name":"Logistik Koszalin | Transportunternehmen TSL Nordic","isPartOf":{"@id":"https:\/\/tsl-nordic.com\/#website"},"datePublished":"2017-01-23T14:01:22+00:00","dateModified":"2024-01-18T11:36:32+00:00","breadcrumb":{"@id":"https:\/\/tsl-nordic.com\/de\/logistik\/#breadcrumb"},"inLanguage":"de","potentialAction":[{"@type":"ReadAction","target":["https:\/\/tsl-nordic.com\/de\/logistik\/"]}]},{"@type":"BreadcrumbList","@id":"https:\/\/tsl-nordic.com\/de\/logistik\/#breadcrumb","itemListElement":[{"@type":"ListItem","position":1,"name":"Strona g\u0142\u00f3wna","item":"https:\/\/tsl-nordic.com\/de\/"},{"@type":"ListItem","position":2,"name":"Logistik"}]},{"@type":"WebSite","@id":"https:\/\/tsl-nordic.com\/#website","url":"https:\/\/tsl-nordic.com\/","name":"Spedycja mi\u0119dzynarodowa, Firma transportowa | TSL Nordic","description":"","potentialAction":[{"@type":"SearchAction","target":{"@type":"EntryPoint","urlTemplate":"https:\/\/tsl-nordic.com\/?s={search_term_string}"},"query-input":{"@type":"PropertyValueSpecification","valueRequired":true,"valueName":"search_term_string"}}],"inLanguage":"de"}]}},"_links":{"self":[{"href":"https:\/\/tsl-nordic.com\/de\/wp-json\/wp\/v2\/pages\/16099","targetHints":{"allow":["GET"]}}],"collection":[{"href":"https:\/\/tsl-nordic.com\/de\/wp-json\/wp\/v2\/pages"}],"about":[{"href":"https:\/\/tsl-nordic.com\/de\/wp-json\/wp\/v2\/types\/page"}],"author":[{"embeddable":true,"href":"https:\/\/tsl-nordic.com\/de\/wp-json\/wp\/v2\/users\/1"}],"replies":[{"embeddable":true,"href":"https:\/\/tsl-nordic.com\/de\/wp-json\/wp\/v2\/comments?post=16099"}],"version-history":[{"count":0,"href":"https:\/\/tsl-nordic.com\/de\/wp-json\/wp\/v2\/pages\/16099\/revisions"}],"wp:attachment":[{"href":"https:\/\/tsl-nordic.com\/de\/wp-json\/wp\/v2\/media?parent=16099"}],"curies":[{"name":"wp","href":"https:\/\/api.w.org\/{rel}","templated":true}]}}