{"id":17110,"date":"2019-06-05T09:31:31","date_gmt":"2019-06-05T07:31:31","guid":{"rendered":"https:\/\/staging.tsl-nordic.com\/?page_id=17110"},"modified":"2023-10-26T09:47:11","modified_gmt":"2023-10-26T07:47:11","slug":"spedition","status":"publish","type":"page","link":"https:\/\/tsl-nordic.com\/de\/spedition\/","title":{"rendered":"Spedition"},"content":{"rendered":"<div class=\"wpb-content-wrapper\"><p>[vc_row css_animation=&#8220;&#8220; row_type=&#8220;row&#8220; use_row_as_full_screen_section=&#8220;no&#8220; type=&#8220;full_width&#8220; angled_section=&#8220;no&#8220; text_align=&#8220;center&#8220; background_image_as_pattern=&#8220;without_pattern&#8220; background_color=&#8220;#ffffff&#8220;][vc_column][vc_row_inner row_type=&#8220;row&#8220; type=&#8220;grid&#8220; text_align=&#8220;left&#8220; padding_top=&#8220;40&#8243; padding_bottom=&#8220;0&#8243; css_animation=&#8220;&#8220;][vc_column_inner width=&#8220;1\/2&#8243;][vc_separator type=&#8220;transparent&#8220; up=&#8220;20&#8243; down=&#8220;0&#8243;][vc_column_text]Spedition ist die Basis der Firma <strong>TSL Nordic Sp. z o.o.<\/strong> Bereich unserer T\u00e4tigkeit hat keine Grenzen, aber wir spezialisieren sich in dem internationalen Stra\u00dfenverkehr und Spedition in der Europ\u00e4ischen Union und Skandinavien. Wir verbinden Kunden, die Transport f\u00fcr ihre Waren suchen und Transporteuren, die denen helfen k\u00f6nnen.<br \/>\nTeam der erfahrenen und spezialisierten Spediteure realisiert t\u00e4glich Dutzende Bestellungen von unseren Kunden. Wir verwalten alle Transportabschnitte mit Genauigkeit. Wir verstehen, dass genaue Information\u00fcbertragung die Basis der schnellen internationalen Spedition ist. Sie erlaubt uns die Vermeidung der Probleme bevor sie erscheinen.<\/p>\n<p>&nbsp;<\/p>\n<p>Wir haben nur zwei Ziele, Zufriedenheit unserer Kunden und Transporteuren und st\u00e4ndige Entwicklung. Schlie\u00dfen Sie sich an uns und wir werden sich zusammen entwickeln![\/vc_column_text][vc_separator type=&#8220;transparent&#8220; up=&#8220;30&#8243; down=&#8220;0&#8243;]<a  href=\"https:\/\/tsl-nordic.com\/de\/kontakt\/\" target=\"_self\"  class=\"qbutton \" style=\"\">Kontakt<\/a>[vc_separator type=&#8220;transparent&#8220; up=&#8220;30&#8243; down=&#8220;0&#8243;][\/vc_column_inner][vc_column_inner width=&#8220;1\/2&#8243;][vc_separator type=&#8220;transparent&#8220; up=&#8220;30&#8243; down=&#8220;0&#8243;][vc_single_image image=&#8220;15609&#8243; img_size=&#8220;full&#8220; qode_css_animation=&#8220;&#8220;][vc_separator type=&#8220;transparent&#8220; up=&#8220;87&#8243; down=&#8220;0&#8243;][\/vc_column_inner][\/vc_row_inner][\/vc_column][\/vc_row][vc_row row_type=&#8220;parallax&#8220; parallax_content_width=&#8220;in_grid&#8220; text_align=&#8220;center&#8220; background_image=&#8220;15674&#8243; section_height=&#8220;345&#8243;][vc_column][vc_row_inner row_type=&#8220;row&#8220; type=&#8220;grid&#8220; text_align=&#8220;left&#8220; padding_top=&#8220;105&#8243; padding_bottom=&#8220;55&#8243; css_animation=&#8220;&#8220;][vc_column_inner width=&#8220;1\/3&#8243;]<div class=\"q_counter_holder  left\"><span class=\"counter  zero\" style=\"\">20<\/span><p class=\"counter_text\" style=\"\">Spediteuren<\/p><\/div>[vc_separator type=&#8220;transparent&#8220; up=&#8220;50&#8243; down=&#8220;0&#8243;][\/vc_column_inner][vc_column_inner width=&#8220;1\/3&#8243;]<div class=\"q_counter_holder  left\"><span class=\"counter  zero\" style=\"\">1381<\/span><p class=\"counter_text\" style=\"\">Kontrahenten<\/p><\/div>[vc_separator type=&#8220;transparent&#8220; up=&#8220;50&#8243; down=&#8220;0&#8243;][\/vc_column_inner][vc_column_inner width=&#8220;1\/3&#8243;]<div class=\"q_counter_holder  left\"><span class=\"counter  zero\" style=\"\">3585<\/span><p class=\"counter_text\" style=\"\">durchgef\u00fchrten Transporte<\/p><\/div>[vc_separator type=&#8220;transparent&#8220; up=&#8220;50&#8243; down=&#8220;0&#8243;][\/vc_column_inner][\/vc_row_inner][\/vc_column][\/vc_row][vc_row css_animation=&#8220;&#8220; row_type=&#8220;row&#8220; use_row_as_full_screen_section=&#8220;no&#8220; type=&#8220;full_width&#8220; angled_section=&#8220;no&#8220; text_align=&#8220;left&#8220; background_image_as_pattern=&#8220;without_pattern&#8220;][vc_column][vc_separator type=&#8220;normal&#8220; up=&#8220;0&#8243; down=&#8220;0&#8243;][\/vc_column][\/vc_row]<\/p>\n<\/div>","protected":false},"excerpt":{"rendered":"<p>[vc_row css_animation=&#8220;&#8220; row_type=&#8220;row&#8220; use_row_as_full_screen_section=&#8220;no&#8220; type=&#8220;full_width&#8220; angled_section=&#8220;no&#8220; text_align=&#8220;center&#8220; background_image_as_pattern=&#8220;without_pattern&#8220; background_color=&#8220;#ffffff&#8220;][vc_column][vc_row_inner row_type=&#8220;row&#8220; type=&#8220;grid&#8220; text_align=&#8220;left&#8220; padding_top=&#8220;40&#8243; padding_bottom=&#8220;0&#8243; css_animation=&#8220;&#8220;][vc_column_inner width=&#8220;1\/2&#8243;][vc_separator type=&#8220;transparent&#8220; up=&#8220;20&#8243; down=&#8220;0&#8243;][vc_column_text]Spedition ist die Basis der Firma TSL Nordic Sp. z o.o. Bereich unserer T\u00e4tigkeit hat keine Grenzen, aber wir spezialisieren sich in dem internationalen Stra\u00dfenverkehr und Spedition&#8230;<\/p>\n","protected":false},"author":1,"featured_media":0,"parent":0,"menu_order":0,"comment_status":"open","ping_status":"open","template":"full_width.php","meta":{"_acf_changed":false,"footnotes":""},"class_list":["post-17110","page","type-page","status-publish","hentry"],"acf":[],"yoast_head":"<!-- This site is optimized with the Yoast SEO plugin v27.6 - https:\/\/yoast.com\/product\/yoast-seo-wordpress\/ -->\n<title>Internationale Spedition - Transportunternehmen TSL Nordic<\/title>\n<meta name=\"description\" content=\"Spedition ist das Ziel der Existenz von TSL Nordic Sp. z o. o. Wir spezialisieren uns auf Transport und Spedition in der Europ\u00e4ischen Union und Skandinavien.\" \/>\n<meta name=\"robots\" content=\"index, follow, max-snippet:-1, max-image-preview:large, max-video-preview:-1\" \/>\n<link rel=\"canonical\" href=\"https:\/\/tsl-nordic.com\/de\/spedition\/\" \/>\n<meta property=\"og:locale\" content=\"de_DE\" \/>\n<meta property=\"og:type\" content=\"article\" \/>\n<meta property=\"og:title\" content=\"Internationale Spedition - Transportunternehmen TSL Nordic\" \/>\n<meta property=\"og:description\" content=\"Spedition ist das Ziel der Existenz von TSL Nordic Sp. z o. o. Wir spezialisieren uns auf Transport und Spedition in der Europ\u00e4ischen Union und Skandinavien.\" \/>\n<meta property=\"og:url\" content=\"https:\/\/tsl-nordic.com\/de\/spedition\/\" \/>\n<meta property=\"og:site_name\" content=\"Spedycja mi\u0119dzynarodowa, Firma transportowa | TSL Nordic\" \/>\n<meta property=\"article:modified_time\" content=\"2023-10-26T07:47:11+00:00\" \/>\n<meta name=\"twitter:card\" content=\"summary_large_image\" \/>\n<meta name=\"twitter:label1\" content=\"Gesch\u00e4tzte Lesezeit\" \/>\n\t<meta name=\"twitter:data1\" content=\"2\u00a0Minuten\" \/>\n<script type=\"application\/ld+json\" class=\"yoast-schema-graph\">{\"@context\":\"https:\\\/\\\/schema.org\",\"@graph\":[{\"@type\":\"WebPage\",\"@id\":\"https:\\\/\\\/tsl-nordic.com\\\/de\\\/spedition\\\/\",\"url\":\"https:\\\/\\\/tsl-nordic.com\\\/de\\\/spedition\\\/\",\"name\":\"Internationale Spedition - Transportunternehmen TSL Nordic\",\"isPartOf\":{\"@id\":\"https:\\\/\\\/tsl-nordic.com\\\/#website\"},\"datePublished\":\"2019-06-05T07:31:31+00:00\",\"dateModified\":\"2023-10-26T07:47:11+00:00\",\"description\":\"Spedition ist das Ziel der Existenz von TSL Nordic Sp. z o. o. Wir spezialisieren uns auf Transport und Spedition in der Europ\u00e4ischen Union und Skandinavien.\",\"breadcrumb\":{\"@id\":\"https:\\\/\\\/tsl-nordic.com\\\/de\\\/spedition\\\/#breadcrumb\"},\"inLanguage\":\"de\",\"potentialAction\":[{\"@type\":\"ReadAction\",\"target\":[\"https:\\\/\\\/tsl-nordic.com\\\/de\\\/spedition\\\/\"]}]},{\"@type\":\"BreadcrumbList\",\"@id\":\"https:\\\/\\\/tsl-nordic.com\\\/de\\\/spedition\\\/#breadcrumb\",\"itemListElement\":[{\"@type\":\"ListItem\",\"position\":1,\"name\":\"Strona g\u0142\u00f3wna\",\"item\":\"https:\\\/\\\/tsl-nordic.com\\\/de\\\/\"},{\"@type\":\"ListItem\",\"position\":2,\"name\":\"Spedition\"}]},{\"@type\":\"WebSite\",\"@id\":\"https:\\\/\\\/tsl-nordic.com\\\/#website\",\"url\":\"https:\\\/\\\/tsl-nordic.com\\\/\",\"name\":\"Spedycja mi\u0119dzynarodowa, Firma transportowa | TSL Nordic\",\"description\":\"\",\"potentialAction\":[{\"@type\":\"SearchAction\",\"target\":{\"@type\":\"EntryPoint\",\"urlTemplate\":\"https:\\\/\\\/tsl-nordic.com\\\/?s={search_term_string}\"},\"query-input\":{\"@type\":\"PropertyValueSpecification\",\"valueRequired\":true,\"valueName\":\"search_term_string\"}}],\"inLanguage\":\"de\"}]}<\/script>\n<!-- \/ Yoast SEO plugin. -->","yoast_head_json":{"title":"Internationale Spedition - Transportunternehmen TSL Nordic","description":"Spedition ist das Ziel der Existenz von TSL Nordic Sp. z o. o. Wir spezialisieren uns auf Transport und Spedition in der Europ\u00e4ischen Union und Skandinavien.","robots":{"index":"index","follow":"follow","max-snippet":"max-snippet:-1","max-image-preview":"max-image-preview:large","max-video-preview":"max-video-preview:-1"},"canonical":"https:\/\/tsl-nordic.com\/de\/spedition\/","og_locale":"de_DE","og_type":"article","og_title":"Internationale Spedition - Transportunternehmen TSL Nordic","og_description":"Spedition ist das Ziel der Existenz von TSL Nordic Sp. z o. o. Wir spezialisieren uns auf Transport und Spedition in der Europ\u00e4ischen Union und Skandinavien.","og_url":"https:\/\/tsl-nordic.com\/de\/spedition\/","og_site_name":"Spedycja mi\u0119dzynarodowa, Firma transportowa | TSL Nordic","article_modified_time":"2023-10-26T07:47:11+00:00","twitter_card":"summary_large_image","twitter_misc":{"Gesch\u00e4tzte Lesezeit":"2\u00a0Minuten"},"schema":{"@context":"https:\/\/schema.org","@graph":[{"@type":"WebPage","@id":"https:\/\/tsl-nordic.com\/de\/spedition\/","url":"https:\/\/tsl-nordic.com\/de\/spedition\/","name":"Internationale Spedition - Transportunternehmen TSL Nordic","isPartOf":{"@id":"https:\/\/tsl-nordic.com\/#website"},"datePublished":"2019-06-05T07:31:31+00:00","dateModified":"2023-10-26T07:47:11+00:00","description":"Spedition ist das Ziel der Existenz von TSL Nordic Sp. z o. o. Wir spezialisieren uns auf Transport und Spedition in der Europ\u00e4ischen Union und Skandinavien.","breadcrumb":{"@id":"https:\/\/tsl-nordic.com\/de\/spedition\/#breadcrumb"},"inLanguage":"de","potentialAction":[{"@type":"ReadAction","target":["https:\/\/tsl-nordic.com\/de\/spedition\/"]}]},{"@type":"BreadcrumbList","@id":"https:\/\/tsl-nordic.com\/de\/spedition\/#breadcrumb","itemListElement":[{"@type":"ListItem","position":1,"name":"Strona g\u0142\u00f3wna","item":"https:\/\/tsl-nordic.com\/de\/"},{"@type":"ListItem","position":2,"name":"Spedition"}]},{"@type":"WebSite","@id":"https:\/\/tsl-nordic.com\/#website","url":"https:\/\/tsl-nordic.com\/","name":"Spedycja mi\u0119dzynarodowa, Firma transportowa | TSL Nordic","description":"","potentialAction":[{"@type":"SearchAction","target":{"@type":"EntryPoint","urlTemplate":"https:\/\/tsl-nordic.com\/?s={search_term_string}"},"query-input":{"@type":"PropertyValueSpecification","valueRequired":true,"valueName":"search_term_string"}}],"inLanguage":"de"}]}},"_links":{"self":[{"href":"https:\/\/tsl-nordic.com\/de\/wp-json\/wp\/v2\/pages\/17110","targetHints":{"allow":["GET"]}}],"collection":[{"href":"https:\/\/tsl-nordic.com\/de\/wp-json\/wp\/v2\/pages"}],"about":[{"href":"https:\/\/tsl-nordic.com\/de\/wp-json\/wp\/v2\/types\/page"}],"author":[{"embeddable":true,"href":"https:\/\/tsl-nordic.com\/de\/wp-json\/wp\/v2\/users\/1"}],"replies":[{"embeddable":true,"href":"https:\/\/tsl-nordic.com\/de\/wp-json\/wp\/v2\/comments?post=17110"}],"version-history":[{"count":0,"href":"https:\/\/tsl-nordic.com\/de\/wp-json\/wp\/v2\/pages\/17110\/revisions"}],"wp:attachment":[{"href":"https:\/\/tsl-nordic.com\/de\/wp-json\/wp\/v2\/media?parent=17110"}],"curies":[{"name":"wp","href":"https:\/\/api.w.org\/{rel}","templated":true}]}}